{"id":21,"date":"2013-04-30T18:22:45","date_gmt":"2013-04-30T17:22:45","guid":{"rendered":"https:\/\/blog.espci.fr\/arseniyadis\/?page_id=21"},"modified":"2026-04-09T00:40:19","modified_gmt":"2026-04-08T23:40:19","slug":"invited-lectures","status":"publish","type":"page","link":"https:\/\/arseniyadislab.sbcs.qmul.ac.uk\/?page_id=21","title":{"rendered":"Invited lectures"},"content":{"rendered":"\n<p><\/p>\n\n\n<p>[145] Frontiers in Organic Synthesis and Polymer Science 2026, Hammamet (Tunisia), April 30th &#8211; May 3rd 2026<\/p>\n<p>[144] Polish Academy of Sciences, Warsaw (Poland), April 10th 2026<\/p>\n<p>[143] University of Oxford (UK), March 26th 2026<\/p>\n<p>[142] 50th Annual Synthesis Symposium Program, Melbourne (Australia), December 5th 2025<\/p>\n<p>[141] RACI SA One Day Synthesis Symposium, Adelaide (Australia), December 3rd 2025<\/p>\n<p>[140] NSW\/ACT Organic Chemistry Annual One-day Symposium, Sydney (Australia), December 1st 2025<\/p>\n<p>[139] QACS 2025, Brisbane (Australia), November 30th 2025<\/p>\n<p>[138] Facult\u00e9 de Pharmacie, Illkirch-Graffenstaden (France), October 10th 2025<\/p>\n<p>[137] IIT Bombay, Mumbai (India), March 7th 2025<\/p>\n<p>[136] Ecole Polytechnique (France), January 22nd 2025<\/p>\n<p>[135] Universit\u00e9 Paris-Saclay (France), January 20th 2025<\/p>\n<p>[134] 4th Winter In-Person Organic Symposium (WIPOS 2024), Honolulu, Hawaii (US), December 15th to December 19th 2024<\/p>\n<p>[133] SDSU, San Diego (USA), December 13th 2024<\/p>\n<p>[132] UCSD, La Jolla (USA), December 13th 2024<\/p>\n<p>[131] The Scripps Research Institute, La Jolla (USA), December 12th 2024<\/p>\n<p>[130] Chemistry Society QMUL, London (UK), November 13th 2024<\/p>\n<p>[129] 23rd Panhellenic Chemistry Conference, Athens (Greece), September 25th to September 28th 2024<\/p>\n<p>[128] GECO64, Cap d&#8217;Agde (France), August 25th to August 30th 2024<\/p>\n<p>[127] EuChemS 2024, Dublin (Ireland), July 7th to July 11th 2024<\/p>\n<p>[126] Virtual Lecture Series \u2013 <span class=\"mark8ekfhw1tq\" data-markjs=\"true\" data-ogac=\"\" data-ogab=\"\" data-ogsc=\"\" data-ogsb=\"\">ACS<\/span> <span class=\"markky6p2ojfm\" data-markjs=\"true\" data-ogac=\"\" data-ogab=\"\" data-ogsc=\"\" data-ogsb=\"\">Science<\/span> <span class=\"markh5xdujjet\" data-markjs=\"true\" data-ogac=\"\" data-ogab=\"\" data-ogsc=\"\" data-ogsb=\"\">Talk<\/span>s, June 7th 2024 <span class=\"markedContent\"><span dir=\"ltr\" role=\"presentation\"> (<em>e-conference<\/em>)<\/span><\/span><\/p>\n<p>[125] 25th URCOM Anniversary, Le Havre (France), May 29th to May 31st 2024<\/p>\n<p>[124] SECO61, Pornichet &#8211; La Baule (France), May 12th to May 17th 2024<\/p>\n<p>[123] Novartis, Basel (Switzerland), April 26th 2024<\/p>\n<p>[122] ETCS2024, Kharagpur (India), March 7th to March 9th 2024<\/p>\n<p>[121] NOST, Bhubaneswar (India), February 29th to March 3rd 2024<\/p>\n<p>[120] University College Dublin, Dublin (Ireland), February 21st 2024<\/p>\n<p>[119] ICBMS, Lyon (France), November 16th 2023<\/p>\n<p>[118] ACC2023 Thessaloniki (Greece), November 12th 2023<\/p>\n<p>[117] GECO 63, Kerjouanno (France), August 27th to September 1st 2022<\/p>\n<p>[116] RSC London and South East Regional Meeting (UK), June 6th 2023<\/p>\n<p>[115] Hebrew University of Jerusalem (Israel), May 24th 2023<\/p>\n<p>[114] Technion (Israel), May 22nd 2023<\/p>\n<p>[113] Tel Aviv University (Israel), May 21st 2023<\/p>\n<p>[112] Ben-Gurion University (Israel), May 18th 2023<\/p>\n<p>[111] GECO 62, Carry le Rouet (France), August 28th to September 2nd 2022<\/p>\n<p>[110] University of York, York (UK), July 8th 2022<\/p>\n<p>[109] FACS, Charleston (USA), June 12th to 16th 2022<\/p>\n<p>[108] RTCS, IIT Kharagpur &amp; IISER Kolkata, December 22nd 2021<\/p>\n<p style=\"text-align: left;\">[107] <span class=\"markedContent\"><span dir=\"ltr\" role=\"presentation\">Recent Advances in Catalysis Science &amp; Engineering (RACSE<\/span><span dir=\"ltr\" role=\"presentation\">&#8211;<\/span><span dir=\"ltr\" role=\"presentation\">2021) <\/span><span dir=\"ltr\" role=\"presentation\">October 26th <\/span><span dir=\"ltr\" role=\"presentation\">2021 (<em>e-conference<\/em>)<\/span><\/span><\/p>\n<p>[106] MDPI September 6th 2022 <span class=\"markedContent\"><span dir=\"ltr\" role=\"presentation\">(<em>e-conference<\/em>)<\/span><\/span><\/p>\n<p>[105] EFMC-International Symposium on Medicinal Chemistry, August 31st 2021 (<em>e-conference<\/em>)<\/p>\n<p>[104] Middle East Technical University, Ankara (Turkey), March 26th 2021 (<em>e-conference<\/em>)<\/p>\n<p>[103]\u00a0University of Louisville, Louisville (USA), March 19th 2021 (<em>e-conference<\/em>)<\/p>\n<p>[102]\u00a0ACAC2020, Athens (Greece), March 10th 2021 (<em>e-conference<\/em>)<\/p>\n<p>[101]\u00a0IISER Kolkata, Kolkata (India), March 13th-14th 2020<\/p>\n<p>[100]\u00a0IIT Kharagpur, Kharagpur\u00a0(India), March 11th-12th 2020<\/p>\n<p style=\"text-align: left;\">[99] International Conference on Organometallics and Catalysis, Goa (India), March 7th-10th 2020<\/p>\n<p>[98] IIT Guwahati, Guwahati (India), March 5th-6th 2020<\/p>\n<p>[97] Universit\u00e9 de Paris (France), February 21st 2020<\/p>\n<p>[96]\u00a0Advances in Organic Synthesis 2020, @IISER Pune, Pune (India), January 13th 2020<\/p>\n<p>[95] International Conference on Chemistry for Human Development, University of Calcutta and the Heritage Institute of Technology, Kolkata (India), January 9th-11th 2020<\/p>\n<p>[94] International Conference on Emerging trends in Catalysis @VIT, Vellore (India), January 6th-8th 2020<\/p>\n<p>[93] University of Reading, Reading (UK), November 18th 2019<\/p>\n<p>[92] CEA, Saclay (France), October 17th 2019<\/p>\n<p>[91] NovAlix, Illkirch (France), September 27th 2019<\/p>\n<p>[90] GSK, Stevenage (UK), July 16th 2019<\/p>\n<p>[89] ICSN, Gif sur Yvette (France), July 11th 2019<\/p>\n<p>[88] University of Newcastle, Newcastle (UK), July 9th 2019<\/p>\n<p>[87] King&#8217;s College, London (UK), February 18th 2019<\/p>\n<p>[86] Sanofi, Paris (France), February 14th 2019<\/p>\n<p>[85] University of Greenwich, London\u00a0(UK), February 6th\u00a02019<\/p>\n<p>[84] Universit\u00e9 de Strasbourg (France), January 18th\u00a02019<\/p>\n<p>[83] ECPM, Strasbourg\u00a0(France), January 17th 2019<\/p>\n<p>[82]\u00a0International Conference on Organometallics and Catalysis, Goa (India), December 12th-16th 2018<\/p>\n<p>[81]\u00a028th European Colloquium on Heterocyclic Chemistry, Lecce (Italy), September 2nd-5th 2018<\/p>\n<p>[80] Congress X &#8211; PERCH-CIC, Pattaya (Thailand), July 4th-7th 2018<\/p>\n<p>[79] SCF18, Montpellier (France), July 2nd 2018<\/p>\n<p>[78] Oril Industrie, Bolbec (France), June 29th 2018<\/p>\n<p>[77] University College Dublin, Dublin (Ireland), May 28th 2018<\/p>\n<p>[76] Solvay, Lyon\u00a0(France), May 23rd 2018<\/p>\n<p>[75] MINAKEM, Beuvry-la-For\u00eat (France), April 17th 2018<\/p>\n<p>[74] Universidad de Alcala, Alcala (Spain), March 15th 2018<\/p>\n<p>[73] Instituto de Quimica Organica General,\u00a0Madrid (Spain), March 14th 2018<\/p>\n<p>[72] Kingston University, London (UK), February 28th 2018<\/p>\n<p>[71]\u00a0IIT Mumbai, Mumbai (India), January 23rd 2018<\/p>\n<p>[70] ICT Mumbai, Mumbai (India), January 22nd 2018<\/p>\n<p>[69] Organic Chemistry Symposium @ IIT Kanpur, Kanpur (India), January 18th-20th 2018<\/p>\n<p>[68] Universit\u00e9 Aix-Marseille (France), December 13th 2017<\/p>\n<p>[67] TRAMECH IX, Fez\u00a0(Morocco), November\u00a022nd-25th 2017<\/p>\n<p>[66] Solvay, Lyon\u00a0(France), October\u00a013th 2017<\/p>\n<p>[65]\u00a0Gregynog Synthesis Meeting, Newton (UK), September 14th 2017<\/p>\n<p>[64] GECO 58, Dinard (France), August 29th 2017<\/p>\n<p>[63] University of Namur, Namur\u00a0(Belgium),\u00a0June 23th 2017<\/p>\n<p>[62]\u00a0Syngenta,\u00a0Jealott\u2019s Hill\u00a0(UK), June\u00a013th 2017<\/p>\n<p>[61] University of Geneva,\u00a0Geneva\u00a0(Switzerland),\u00a0June\u00a08th 2017<\/p>\n<p>[60] 23rd Lakeland Symposium on Heterocyclic Chemistry, Grasmere 2017, Grasmere (UK), May\u00a04th-8th 2017<\/p>\n<p>[59] ICOA, Orl\u00e9ans (France), March 30th 2017<\/p>\n<p>[58] Universit\u00e9 Grenoble-Alpes\u00a0(France), November 24th 2016<\/p>\n<p>[57]\u00a0Lilly, Erl Wood (UK), November\u00a04th 2016<\/p>\n<p>[56]\u00a0ENSICAEN (France), October 20th 2016<\/p>\n<p>[55] Sanofi, Paris (France), October\u00a018th 2016<\/p>\n<p>[54]\u00a0Chemistry at the Interface of Biology and Medicine,\u00a0Heraklion, Crete (Greece), September 23rd 2016<\/p>\n<p>[53]\u00a0Gregynog Synthesis Meeting, Newton (UK), September 14th 2016<\/p>\n<p>[52]\u00a06\u00e8me Colloque De la Recherche \u00e0 l\u2019Enseignement, ESPCI Paris (France), September 10th 2016<\/p>\n<p>[51]\u00a0University of Cyprus, Nicosia, (Cyprus), June\u00a024th 2016<\/p>\n<p>[50]\u00a0GSK, Stevenage (UK), May 24th 2016<\/p>\n<p>[49]\u00a0AstraZeneca, Cambridge (UK), May\u00a016th 2016<\/p>\n<p>[48] University of Sussex, Brighton\u00a0(UK), March\u00a09th 2016<\/p>\n<p>[47] Newcastle University, Newcastle (UK), November\u00a011th 2015<\/p>\n<p>[46]\u00a0Queen Mary University of London, London (UK), October\u00a014th 2015<\/p>\n<p>[45] GSK, Les Ulis (France), September\u00a015th 2015<\/p>\n<p>[44] CEA,\u00a0Saclay\u00a0(France), June\u00a09th 2015<\/p>\n<p>[43]\u00a0Novartis,\u00a0Basel\u00a0(Switzerland), May\u00a012th\u00a02015<\/p>\n<p>[42]\u00a016th Florida Heterocyclic &amp; Synthetic Conference, Gainsville\u00a0(USA), March\u00a01-4 2015<\/p>\n<p>[41]\u00a0Quinzi\u00e8me journ\u00e9e de l\u2019Equipe Chimie Biologique, LCC, Toulouse (France), February 24th 2015<\/p>\n<p>[40]\u00a0Ecole Polytechnique Half Day Symposium, Ecole Polytechnique, (France),\u00a0November 21st 2014<\/p>\n<p>[39]\u00a0SYNGENTA, Goa\u00a0(India),\u00a0November\u00a019th 2014<\/p>\n<p>[38]\u00a0IIT\u00a0Bombay, Mumbai\u00a0(India),\u00a0November\u00a018th 2014<\/p>\n<p>[37]\u00a0IICT\u00a0Hyderabad, Hyderabad\u00a0(India),\u00a0November\u00a017th 2014<\/p>\n<p>[36]\u00a0IIT Kanpur, Kanpur\u00a0(India),\u00a0November\u00a014th 2014<\/p>\n<p>[35]\u00a0NCL Pune, Pune\u00a0(India),\u00a0November\u00a013th 2014<\/p>\n<p>[34]\u00a0IIS Bangalore, Bangalore\u00a0(India),\u00a0November\u00a012th 2014<\/p>\n<p>[33]\u00a0Indo-French Workshop &#8220;New Trends in Chemistry and Chemical Biology&#8221;, Pondicherry,\u00a0(India),\u00a0November\u00a010th and 11th\u00a02014<\/p>\n<p>[32]\u00a0Universit\u00e9 de Poitier, Poitier\u00a0(France),\u00a0November\u00a06th 2014<\/p>\n<p>[31]\u00a0Universit\u00e9 de Lyon \u2013 Bayer CropScience, Lyon (France),\u00a0October 9th 2014<\/p>\n<p>[30]\u00a0GECO 55, Samatan\u00a0(France), August 24th to 29th 2014<\/p>\n<p>[29]\u00a0Institut des Sciences Chimiques de\u00a0Rennes, Rennes\u00a0(France),\u00a0December 17th 2013<\/p>\n<p>[28]\u00a0Universit\u00e9 de Rouen, Rouen (France),\u00a0November 7th 2013<\/p>\n<p style=\"text-align: justify;\">[27]\u00a0Universit\u00e9 de Reims Champagne Ardenne, Reims (France), October\u00a017th 2013<\/p>\n<p style=\"text-align: justify;\">[26]\u00a0Universit\u00e9 de Montpellier, Montpellier (France), October 10th 2013<\/p>\n<p style=\"text-align: justify;\">[25] GECO 54, Le Croisic (France), August 25th to 30th\u00a02013<\/p>\n<p style=\"text-align: justify;\">[24] 5th Young Investigator Workshop, Marseille, July 4th to 6th 2013<\/p>\n<p style=\"text-align: justify;\">[23]\u00a0Universit\u00e9 de Strasbourg, Strasbourg (France), June 7th 2013<\/p>\n<p style=\"text-align: justify;\">[22]\u00a0University of California, San Diego (USA), May 20th 2013<\/p>\n<p style=\"text-align: justify;\">[21]\u00a0Universit\u00e9 Nice Sofia Antipolis, Nice (France), May 3rd 2013<\/p>\n<p style=\"text-align: justify;\">[20]\u00a0Freie Universitaet Berlin, Berlin (Germany), April 25th 2013<\/p>\n<p style=\"text-align: justify;\">[19]\u00a0University of Dresden, Dresden (Germany), April 24th 2013<\/p>\n<p style=\"text-align: justify;\">[18]\u00a0University of Leipzig, Leipzig (Germany), April 23rd 2013<\/p>\n<p style=\"text-align: justify;\">[17]\u00a0Max-Planck Institute, M\u00fclheim (Germany), April 22nd 2013<\/p>\n<p style=\"text-align: justify;\">[16]\u00a0Institut de Chimie et des Mat\u00e9riaux Paris-Est, Thiais (France), April 5th 2013<\/p>\n<p style=\"text-align: justify;\">[15]\u00a0University of Southern California, Los Angeles (USA), January 7th 2013<\/p>\n<p style=\"text-align: justify;\">[14]\u00a0The Scripps Research Institute, La Jolla (USA), January 3rd 2013<\/p>\n<p style=\"text-align: justify;\">[13] GECO 53, Annecy (France), August 26th to 31st 2012<\/p>\n<p style=\"text-align: justify;\">[12]\u00a0Facult\u00e9 de Pharmacie de Ch\u00e2tenay-Malabry, Universit\u00e9 Paris-Sud, Ch\u00e2tenay-Malabry (France), June 21st 2012<\/p>\n<p style=\"text-align: justify;\">[11]\u00a0Universit\u00e9 de Versailles Saint Quentin, Versailles (France), June 13th 2012<\/p>\n<p style=\"text-align: justify;\">[10] SECO 49, Annecy (France), May 2012<\/p>\n<p style=\"text-align: justify;\">[9]\u00a0University of Girona, Girona (Spain), April 12th 2012<\/p>\n<p style=\"text-align: justify;\">[8] GECO 52, Aber Wrac\u2019h (France), August 28th to September 2nd 2011<\/p>\n<p style=\"text-align: justify;\">[7] 1<sup>er<\/sup>\u00a0Symposium Francophone de Synth\u00e8se Totale, Marseille (France), May 12-13\u00a02011<\/p>\n<p style=\"text-align: justify;\">[6]\u00a0Ecole Nationale Sup\u00e9rieure de Chimie de Mulhouse, Universit\u00e9 de Haute-Alsace, Mulhouse (France), November 4th 2011<\/p>\n<p style=\"text-align: justify;\">[5]\u00a0Universit\u00e9 Paris-Sud, Institut de Chimie Mol\u00e9culaire et des Mat\u00e9riaux d\u2019Orsay, Orsay (France), December 7th 2010<\/p>\n<p style=\"text-align: justify;\">[4]\u00a0ENSCP Chimie ParisTech, Paris (France), November 18th 2010<\/p>\n<p style=\"text-align: justify;\">[3]\u00a0University of\u00a0Nottingham, Nottingham (UK), June 23rd 2010<\/p>\n<p style=\"text-align: justify;\">[2]\u00a0Aristotle University, Thessaloniki (Greece), April 27th 2010<\/p>\n<p style=\"text-align: justify;\">[1]\u00a0Weizmann Institute of Science, Rehovot (Israel), February 4th 2010<\/p>","protected":false},"excerpt":{"rendered":"<p>[145] Frontiers in Organic Synthesis and Polymer Science 2026, Hammamet (Tunisia), April 30th &#8211; May 3rd 2026 [144] Polish Academy of Sciences, Warsaw (Poland), April 10th 2026 [143] University of Oxford (UK), March 26th 2026 [142] 50th Annual Synthesis Symposium Program, Melbourne (Australia), December 5th 2025 [141] RACI SA One Day Synthesis Symposium, Adelaide (Australia), [&hellip;]<\/p>\n","protected":false},"author":1,"featured_media":0,"parent":0,"menu_order":0,"comment_status":"closed","ping_status":"closed","template":"","meta":{"footnotes":""},"class_list":["post-21","page","type-page","status-publish","hentry"],"_links":{"self":[{"href":"https:\/\/arseniyadislab.sbcs.qmul.ac.uk\/index.php?rest_route=\/wp\/v2\/pages\/21","targetHints":{"allow":["GET"]}}],"collection":[{"href":"https:\/\/arseniyadislab.sbcs.qmul.ac.uk\/index.php?rest_route=\/wp\/v2\/pages"}],"about":[{"href":"https:\/\/arseniyadislab.sbcs.qmul.ac.uk\/index.php?rest_route=\/wp\/v2\/types\/page"}],"author":[{"embeddable":true,"href":"https:\/\/arseniyadislab.sbcs.qmul.ac.uk\/index.php?rest_route=\/wp\/v2\/users\/1"}],"replies":[{"embeddable":true,"href":"https:\/\/arseniyadislab.sbcs.qmul.ac.uk\/index.php?rest_route=%2Fwp%2Fv2%2Fcomments&post=21"}],"version-history":[{"count":38,"href":"https:\/\/arseniyadislab.sbcs.qmul.ac.uk\/index.php?rest_route=\/wp\/v2\/pages\/21\/revisions"}],"predecessor-version":[{"id":2843,"href":"https:\/\/arseniyadislab.sbcs.qmul.ac.uk\/index.php?rest_route=\/wp\/v2\/pages\/21\/revisions\/2843"}],"wp:attachment":[{"href":"https:\/\/arseniyadislab.sbcs.qmul.ac.uk\/index.php?rest_route=%2Fwp%2Fv2%2Fmedia&parent=21"}],"curies":[{"name":"wp","href":"https:\/\/api.w.org\/{rel}","templated":true}]}}